{"id":844,"date":"2020-06-26T20:46:56","date_gmt":"2020-06-26T20:46:56","guid":{"rendered":"http:\/\/fssrmh.org\/?page_id=844"},"modified":"2020-06-26T21:16:22","modified_gmt":"2020-06-26T21:16:22","slug":"how-to-apply","status":"publish","type":"page","link":"https:\/\/fssrmh.org\/es\/how-to-apply\/","title":{"rendered":"C\u00f3mo aplicar"},"content":{"rendered":"<div   data-q_id=\"#our-mission\"    class=\"vc_row wpb_row section vc_row-fluid  vc_custom_1593205789437 grid_section\" style=' text-align:left;'><div class=\"section_inner clearfix\"><div class='section_inner_margin clearfix'><div class=\"wpb_column vc_column_container vc_col-sm-12\"><div class=\"vc_column-inner\"><div class=\"wpb_wrapper\">\n\t<div class=\"wpb_text_column wpb_content_element\">\n\t\t<div class=\"wpb_wrapper\">\n\t\t\t<h1 style=\"text-align: center;\">MFT y solicitantes de doctorado<\/h1>\n\n\t\t<\/div> \n\t<\/div> <div class=\"separator  small center\" style=\"margin-top: 15px;margin-bottom: 15px;background-color: #3184ec;height: 4px;width: 61px;\"><\/div>\n\t<div class=\"vc_empty_space\"  style=\"height: 32px\" ><span\n\t\t\tclass=\"vc_empty_space_inner\">\n\t\t\t<span class=\"empty_space_image\"  ><\/span>\n\t\t<\/span><\/div>\n\n<div      class=\"vc_row wpb_row section vc_row-fluid vc_inner\" style=' text-align:center;'><div class=\"full_section_inner clearfix\"><div class=\"wpb_column vc_column_container vc_col-sm-6\"><div class=\"vc_column-inner vc_custom_1593206086068\"><div class=\"wpb_wrapper\">\n\t<div class=\"wpb_text_column wpb_content_element\">\n\t\t<div class=\"wpb_wrapper\">\n\t\t\t<h3 style=\"text-align: center;\">Solicitantes del Sur de California<\/h3>\n\n\t\t<\/div> \n\t<\/div> \t<div class=\"vc_empty_space\"  style=\"height: 15px\" ><span\n\t\t\tclass=\"vc_empty_space_inner\">\n\t\t\t<span class=\"empty_space_image\"  ><\/span>\n\t\t<\/span><\/div>\n\n\n\t<div class=\"wpb_text_column wpb_content_element\">\n\t\t<div class=\"wpb_wrapper\">\n\t\t\t<p class=\"\" style=\"text-align: center;\">Los solicitantes de la opci\u00f3n de ingl\u00e9s y espa\u00f1ol deben enviar una carta de presentaci\u00f3n\/carta de intenci\u00f3n que explique su inter\u00e9s en convertirse en un aprendiz de psicolog\u00eda cl\u00ednica en la Casa Ronald McDonald. Los solicitantes tambi\u00e9n deben incluir su curr\u00edculum vitae, 3 cartas de recomendaci\u00f3n y una copia de sus transcripciones.<\/p>\n<p>&nbsp;<\/p>\n<p class=\"\" style=\"text-align: center;\"><strong>Env\u00ede el paquete completo a:<\/strong><br \/>\nDra. Susan Regas, directora de capacitaci\u00f3n, RMH-LA,<br \/>\n1250 Lyman Place, Los \u00c1ngeles, CA, 90029<\/p>\n<p>&nbsp;<\/p>\n<p class=\"\" style=\"text-align: center;\"><strong><span style=\"text-decoration: underline;\"><a href=\"https:\/\/www.familysupportcenters.org\/s\/2020-2021-Practicum-at-Ronald-McDonald-House-1-hr-2-yr-and-Spanish-Track.pdf\">Haga clic para descargar la informaci\u00f3n de la solicitud de pr\u00e1ctica<\/a><\/span><\/strong><\/p>\n<p class=\"\" style=\"text-align: center;\"><strong><span style=\"text-decoration: underline;\"><a href=\"https:\/\/www.familysupportcenters.org\/s\/Copy-of-Spanish-Track-Handouts-3.pdf\">Haga clic para descargar la informaci\u00f3n de la pista en espa\u00f1ol<\/a><\/span><\/strong><\/p>\n<p class=\"\" style=\"text-align: center;\"><span style=\"text-decoration: underline;\"><a href=\"https:\/\/www.familysupportcenters.org\/s\/Advanced-Practicum-at-Family-Support-Services-1.docx\"><strong>Haga clic para descargar informaci\u00f3n de seguimiento avanzado<\/strong><\/a><\/span><\/p>\n\n\t\t<\/div> \n\t<\/div> <\/div><\/div><\/div><div class=\"wpb_column vc_column_container vc_col-sm-6\"><div class=\"vc_column-inner vc_custom_1593206076429\"><div class=\"wpb_wrapper\">\n\t<div class=\"wpb_text_column wpb_content_element\">\n\t\t<div class=\"wpb_wrapper\">\n\t\t\t<h3 style=\"text-align: center;\">Solicitantes de Stanford y el \u00c1rea de la Bah\u00eda<\/h3>\n\n\t\t<\/div> \n\t<\/div> \t<div class=\"vc_empty_space\"  style=\"height: 15px\" ><span\n\t\t\tclass=\"vc_empty_space_inner\">\n\t\t\t<span class=\"empty_space_image\"  ><\/span>\n\t\t<\/span><\/div>\n\n\n\t<div class=\"wpb_text_column wpb_content_element\">\n\t\t<div class=\"wpb_wrapper\">\n\t\t\t<p class=\"\" style=\"text-align: center;\">Los solicitantes interesados en la ubicaci\u00f3n de Stanford Ronald McDonald House pueden comunicarse con la directora asociada, Dra. Martha Hernandez, para obtener m\u00e1s informaci\u00f3n sobre c\u00f3mo presentar una solicitud. Este sitio cumple con el d\u00eda de notificaci\u00f3n uniforme de la Asociaci\u00f3n de Programas de Capacitaci\u00f3n en Psicolog\u00eda del Sur de California (SCAPTP).<\/p>\n<p>&nbsp;<\/p>\n<p class=\"\" style=\"text-align: center;\">Dra. Marta Hernandez,<br \/>\nDirector Asociado, Servicios de Apoyo Familiar<br \/>\n<a href=\"mailto:Martha.Hernandez@rmhcbayarea.org\">Martha.Hernandez@rmhcbayarea.org<\/a><\/p>\n\n\t\t<\/div> \n\t<\/div> \t<div class=\"vc_empty_space\"  style=\"height: 32px\" ><span\n\t\t\tclass=\"vc_empty_space_inner\">\n\t\t\t<span class=\"empty_space_image\"  ><\/span>\n\t\t<\/span><\/div>\n\n<a  itemprop=\"url\" href=\"https:\/\/bapic.practicumfit.com\/directory\/194\" target=\"_blank\"  class=\"qbutton  medium default\" style=\"\">Informaci\u00f3n pr\u00e1ctica b\u00e1sica<\/a><\/div><\/div><\/div><\/div><\/div><\/div><\/div><\/div><\/div><\/div><\/div><div      class=\"vc_row wpb_row section vc_row-fluid  vc_custom_1593206146021 grid_section\" style=' padding-top:10px; padding-bottom:10px; text-align:left;'><div class=\"section_inner clearfix\"><div class='section_inner_margin clearfix'><div class=\"wpb_column vc_column_container vc_col-sm-12\"><div class=\"vc_column-inner\"><div class=\"wpb_wrapper\"><div class=\"call_to_action normal\" style=\"background-color: #159459;border-top: 1px solid #159459;\"><div class=\"container_inner\"><div class=\"two_columns_75_25 clearfix\"><div class=\"text_wrapper column1\"><div class=\"call_to_action_text\" style=\"\">\n<h2><em><span style=\"color: #ffffff;\">\u00bfTienes alguna pregunta? \u00a1Mandanos un mensaje!<\/span><\/em><\/h2>\n<\/div><\/div><div class=\"button_wrapper column2\"><a itemprop=\"url\" href=\"https:\/\/fssrmh.org\/es\/contact-us\/\" class=\"qbutton white\" target=\"_self\" style=\"color: #292d33;border-color: #ffffff;background-color: #ffffff;\" data-hover-background-color=#000000 data-hover-border-color=#000000 data-hover-color=#ffffff>Cont\u00e1ctenos<\/a><\/div><\/div><\/div><\/div><\/div><\/div><\/div><\/div><\/div><\/div>","protected":false},"excerpt":{"rendered":"MFT &amp; Doctoral Applicants Southern California Applicants Applicants of both the English and Spanish track...","protected":false},"author":2,"featured_media":0,"parent":0,"menu_order":0,"comment_status":"closed","ping_status":"closed","template":"full_width.php","meta":[],"_links":{"self":[{"href":"https:\/\/fssrmh.org\/es\/wp-json\/wp\/v2\/pages\/844"}],"collection":[{"href":"https:\/\/fssrmh.org\/es\/wp-json\/wp\/v2\/pages"}],"about":[{"href":"https:\/\/fssrmh.org\/es\/wp-json\/wp\/v2\/types\/page"}],"author":[{"embeddable":true,"href":"https:\/\/fssrmh.org\/es\/wp-json\/wp\/v2\/users\/2"}],"replies":[{"embeddable":true,"href":"https:\/\/fssrmh.org\/es\/wp-json\/wp\/v2\/comments?post=844"}],"version-history":[{"count":12,"href":"https:\/\/fssrmh.org\/es\/wp-json\/wp\/v2\/pages\/844\/revisions"}],"predecessor-version":[{"id":872,"href":"https:\/\/fssrmh.org\/es\/wp-json\/wp\/v2\/pages\/844\/revisions\/872"}],"wp:attachment":[{"href":"https:\/\/fssrmh.org\/es\/wp-json\/wp\/v2\/media?parent=844"}],"curies":[{"name":"wp","href":"https:\/\/api.w.org\/{rel}","templated":true}]}}