{"id":791,"date":"2020-06-26T00:49:07","date_gmt":"2020-06-26T00:49:07","guid":{"rendered":"http:\/\/fssrmh.org\/?page_id=791"},"modified":"2023-06-28T15:35:13","modified_gmt":"2023-06-28T22:35:13","slug":"donate","status":"publish","type":"page","link":"https:\/\/fssrmh.org\/es\/donate\/","title":{"rendered":"Donar"},"content":{"rendered":"<div      class=\"vc_row wpb_row section vc_row-fluid  vc_custom_1605662148419 grid_section\" style=' text-align:left;'><div class=\"section_inner clearfix\"><div class='section_inner_margin clearfix'><div class=\"wpb_column vc_column_container vc_col-sm-12\"><div class=\"vc_column-inner\"><div class=\"wpb_wrapper\">\n\t<div class=\"wpb_text_column wpb_content_element\">\n\t\t<div class=\"wpb_wrapper\">\n\t\t\t<h1 style=\"text-align: center;\">Donar<\/h1>\n\n\t\t<\/div> \n\t<\/div> \n\t<div class=\"wpb_text_column wpb_content_element\">\n\t\t<div class=\"wpb_wrapper\">\n\t\t\t<h1 style=\"text-align: center;\">Apoye a nuestras familias<\/h1>\n\n\t\t<\/div> \n\t<\/div> <div class=\"separator  small center\" style=\"margin-top: 15px;margin-bottom: 15px;background-color: #3184ec;height: 4px;width: 61px;\"><\/div>\n<\/div><\/div><\/div><\/div><\/div><\/div><div      class=\"vc_row wpb_row section vc_row-fluid  grid_section\" style=' text-align:left;'><div class=\"section_inner clearfix\"><div class='section_inner_margin clearfix'><div class=\"wpb_column vc_column_container vc_col-sm-6\"><div class=\"vc_column-inner\"><div class=\"wpb_wrapper\">\n\t<div class=\"wpb_text_column wpb_content_element\">\n\t\t<div class=\"wpb_wrapper\">\n\t\t\t<p style=\"text-align: left;\"><span style=\"font-weight: 400;\">Agradecemos enormemente su generosa donaci\u00f3n a los Servicios de apoyo familiar en Los \u00c1ngeles, Pasadena, Inland Empire, Bay Area Ronald McDonald Houses y Camp Ronald McDonald For Good Times. Su donaci\u00f3n a los Centros de apoyo familiar. Inc. financiar\u00e1 los programas de Servicios de apoyo familiar, incluidos los clubes de diversi\u00f3n, las reuniones de apoyo, los eventos en la casa y la capacitaci\u00f3n del personal de FSS. Family Support Centers, Inc. es una agencia sin fines de lucro que apoya la salud y el bienestar de las familias de ni\u00f1os gravemente enfermos que reciben atenci\u00f3n en California en Pasadena, Los \u00c1ngeles, Inland Empire y Bay Area Ronald McDonald Houses. El n\u00famero de identificaci\u00f3n del empleador de nuestros centros de apoyo familiar es EIN 37-1761371. Family Support Centers, Inc. es una corporaci\u00f3n 501 (c) (3).<\/span><\/p>\n<p style=\"text-align: left;\"><span style=\"font-weight: 400;\">\u00a0<\/span><\/p>\n<p style=\"text-align: left;\"><span style=\"font-weight: 400;\">Si desea hacer una donaci\u00f3n, haga clic en el enlace a continuaci\u00f3n para ser dirigido a nuestra cuenta de PayPal.\u00a0<\/span><\/p>\n\n\t\t<\/div> \n\t<\/div> \t<div class=\"vc_empty_space\"  style=\"height: 20px\" ><span\n\t\t\tclass=\"vc_empty_space_inner\">\n\t\t\t<span class=\"empty_space_image\"  ><\/span>\n\t\t<\/span><\/div>\n\n<\/div><\/div><\/div><div class=\"wpb_column vc_column_container vc_col-sm-6\"><div class=\"vc_column-inner\"><div class=\"wpb_wrapper\">\n\t<div class=\"wpb_text_column wpb_content_element\">\n\t\t<div class=\"wpb_wrapper\">\n\t\t\t<div role=\"form\" class=\"wpcf7\" id=\"wpcf7-f2266-o1\" lang=\"en-US\" dir=\"ltr\">\n<div class=\"screen-reader-response\"><p role=\"status\" aria-live=\"polite\" aria-atomic=\"true\"><\/p> <ul><\/ul><\/div>\n<form action=\"\/es\/wp-json\/wp\/v2\/pages\/791#wpcf7-f2266-o1\" method=\"post\" class=\"wpcf7-form init\" novalidate=\"novalidate\" data-status=\"init\" data-trp-original-action=\"\/es\/wp-json\/wp\/v2\/pages\/791#wpcf7-f2266-o1\">\n<div style=\"display: none;\">\n<input type=\"hidden\" name=\"_wpcf7\" value=\"2266\" \/>\n<input type=\"hidden\" name=\"_wpcf7_version\" value=\"5.3.2\" \/>\n<input type=\"hidden\" name=\"_wpcf7_locale\" value=\"en_US\" \/>\n<input type=\"hidden\" name=\"_wpcf7_unit_tag\" value=\"wpcf7-f2266-o1\" \/>\n<input type=\"hidden\" name=\"_wpcf7_container_post\" value=\"0\" \/>\n<input type=\"hidden\" name=\"_wpcf7_posted_data_hash\" value=\"\" \/>\n<input type=\"hidden\" name=\"_wpcf7_recaptcha_response\" value=\"\" \/>\n<\/div>\n<div><span class=\"wpcf7-form-control-wrap text-name\"><input type=\"text\" name=\"text-name\" value=\"\" size=\"40\" class=\"wpcf7-form-control wpcf7-text\" aria-invalid=\"false\" placeholder=\"Nombre completo (opcional)\" \/><\/span><\/div>\n<div><span class=\"wpcf7-form-control-wrap text-email\"><input type=\"text\" name=\"text-email\" value=\"\" size=\"40\" class=\"wpcf7-form-control wpcf7-text\" aria-invalid=\"false\" placeholder=\"Correo electr\u00f3nico (su recibo se enviar\u00e1 por correo electr\u00f3nico aqu\u00ed)\" \/><\/span><\/div>\n<div><span class=\"wpcf7-form-control-wrap tel-78\"><input type=\"tel\" name=\"tel-78\" value=\"\" size=\"40\" class=\"wpcf7-form-control wpcf7-text wpcf7-tel wpcf7-validates-as-tel\" aria-invalid=\"false\" placeholder=\"Tel\u00e9fono\" \/><\/span><\/div>\n<div><span class=\"wpcf7-form-control-wrap textarea-message\"><textarea name=\"textarea-message\" cols=\"40\" rows=\"10\" class=\"wpcf7-form-control wpcf7-textarea\" aria-invalid=\"false\" placeholder=\"Deja un comentario\"><\/textarea><\/span><\/div>\n<p><input type=\"submit\" value=\"Enviar\" class=\"wpcf7-form-control wpcf7-submit\" \/><\/p>\n<div class=\"wpcf7-response-output\" aria-hidden=\"true\"><\/div><input type=\"hidden\" name=\"trp-form-language\" value=\"es\"\/><\/form><\/div>\n\n\t\t<\/div> \n\t<\/div> <\/div><\/div><\/div><\/div><\/div><\/div><div      class=\"vc_row wpb_row section vc_row-fluid  vc_custom_1622334893536 grid_section\" style=' text-align:center;'><div class=\"section_inner clearfix\"><div class='section_inner_margin clearfix'><div class=\"wpb_column vc_column_container vc_col-sm-12\"><div class=\"vc_column-inner\"><div class=\"wpb_wrapper\">\t<div class=\"vc_empty_space\"  style=\"height: 20px\" ><span\n\t\t\tclass=\"vc_empty_space_inner\">\n\t\t\t<span class=\"empty_space_image\"  ><\/span>\n\t\t<\/span><\/div>\n\n\n\t<div class=\"wpb_text_column wpb_content_element\">\n\t\t<div class=\"wpb_wrapper\">\n\t\t\t<h3 style=\"text-align: center;\"><strong>Haga clic en Donar a continuaci\u00f3n para ser dirigido a nuestra cuenta de Paypal.<\/strong><\/h3>\n\n\t\t<\/div> \n\t<\/div> \t<div class=\"vc_empty_space\"  style=\"height: 20px\" ><span\n\t\t\tclass=\"vc_empty_space_inner\">\n\t\t\t<span class=\"empty_space_image\"  ><\/span>\n\t\t<\/span><\/div>\n\n\n\t<div class=\"wpb_text_column wpb_content_element\">\n\t\t<div class=\"wpb_wrapper\">\n\t\t\t<form action=\"https:\/\/www.paypal.com\/cgi-bin\/webscr\" method=\"post\" target=\"_top\" data-trp-original-action=\"https:\/\/www.paypal.com\/cgi-bin\/webscr\"><input name=\"cmd\" type=\"hidden\" value=\"_s-xclick\" \/><br \/>\n<input name=\"hosted_button_id\" type=\"hidden\" value=\"W2927XAC3MUDW\" \/><br \/>\n<input alt=\"PayPal - The safer, easier way to pay online!\" name=\"submit\" src=\"https:\/\/fssrmh.org\/wp-content\/uploads\/2020\/06\/paypal-credit-cards_1024x1024.png\" type=\"image\" \/><br \/>\n<img loading=\"lazy\" src=\"https:\/\/www.paypalobjects.com\/en_US\/i\/scr\/pixel.gif\" alt=\"\" width=\"1\" height=\"1\" border=\"0\" \/><input type=\"hidden\" name=\"trp-form-language\" value=\"es\"\/><\/form>\n\n\t\t<\/div> \n\t<\/div> \t<div class=\"vc_empty_space\"  style=\"height: 40px\" ><span\n\t\t\tclass=\"vc_empty_space_inner\">\n\t\t\t<span class=\"empty_space_image\"  ><\/span>\n\t\t<\/span><\/div>\n\n<\/div><\/div><\/div><\/div><\/div><\/div>","protected":false},"excerpt":{"rendered":"Donate Support Our Families We greatly appreciate your very generous donation to Family Support Services...","protected":false},"author":2,"featured_media":0,"parent":0,"menu_order":0,"comment_status":"closed","ping_status":"closed","template":"full_width.php","meta":[],"_links":{"self":[{"href":"https:\/\/fssrmh.org\/es\/wp-json\/wp\/v2\/pages\/791"}],"collection":[{"href":"https:\/\/fssrmh.org\/es\/wp-json\/wp\/v2\/pages"}],"about":[{"href":"https:\/\/fssrmh.org\/es\/wp-json\/wp\/v2\/types\/page"}],"author":[{"embeddable":true,"href":"https:\/\/fssrmh.org\/es\/wp-json\/wp\/v2\/users\/2"}],"replies":[{"embeddable":true,"href":"https:\/\/fssrmh.org\/es\/wp-json\/wp\/v2\/comments?post=791"}],"version-history":[{"count":50,"href":"https:\/\/fssrmh.org\/es\/wp-json\/wp\/v2\/pages\/791\/revisions"}],"predecessor-version":[{"id":3253,"href":"https:\/\/fssrmh.org\/es\/wp-json\/wp\/v2\/pages\/791\/revisions\/3253"}],"wp:attachment":[{"href":"https:\/\/fssrmh.org\/es\/wp-json\/wp\/v2\/media?parent=791"}],"curies":[{"name":"wp","href":"https:\/\/api.w.org\/{rel}","templated":true}]}}