{"id":2,"date":"2020-06-04T22:18:38","date_gmt":"2020-06-04T22:18:38","guid":{"rendered":"http:\/\/fssrmh.org\/?page_id=2"},"modified":"2020-06-04T22:18:38","modified_gmt":"2020-06-04T22:18:38","slug":"sample-page","status":"publish","type":"page","link":"https:\/\/fssrmh.org\/es\/sample-page\/","title":{"rendered":"Sample Page"},"content":{"rendered":"<p>Esta es una pagina de ejemplo. Es diferente de una publicaci\u00f3n de blog porque permanecer\u00e1 en un lugar y aparecer\u00e1 en la navegaci\u00f3n de su sitio (en la mayor\u00eda de los temas). La mayor\u00eda de las personas comienzan con una p\u00e1gina Acerca de que les presenta a los visitantes potenciales del sitio. Podr\u00eda decir algo como esto:<\/p>\n\n\n\n<blockquote class=\"wp-block-quote\"><p>\u00a1Hola! Soy mensajero en bicicleta de d\u00eda, aspirante a actor de noche, y este es mi sitio web. Vivo en Los \u00c1ngeles, tengo un gran perro llamado Jack y me gustan las pi\u00f1as coladas. (Y quedar atrapado en la lluvia.)<\/p><\/blockquote>\n\n\n\n<p>\u2026o algo como esto:<\/p>\n\n\n\n<blockquote class=\"wp-block-quote\"><p>La empresa XYZ Doohickey se fund\u00f3 en 1971 y desde entonces ha estado proporcionando al p\u00fablico art\u00edculos de calidad. Ubicada en Gotham City, XYZ emplea a m\u00e1s de 2000 personas y hace todo tipo de cosas incre\u00edbles para la comunidad de Gotham.<\/p><\/blockquote>\n\n\n\n<p>Como nuevo usuario de WordPress, debe ir a <a href=\"https:\/\/fssrmh.org\/wp-admin\/\">tu tablero<\/a> para eliminar esta p\u00e1gina y crear nuevas p\u00e1ginas para su contenido. \u00a1Divertirse!<\/p>","protected":false},"excerpt":{"rendered":"<p>This is an example page. It&#8217;s different from a blog post because it will stay&#8230;<\/p>","protected":false},"author":2,"featured_media":0,"parent":0,"menu_order":0,"comment_status":"closed","ping_status":"open","template":"","meta":[],"_links":{"self":[{"href":"https:\/\/fssrmh.org\/es\/wp-json\/wp\/v2\/pages\/2"}],"collection":[{"href":"https:\/\/fssrmh.org\/es\/wp-json\/wp\/v2\/pages"}],"about":[{"href":"https:\/\/fssrmh.org\/es\/wp-json\/wp\/v2\/types\/page"}],"author":[{"embeddable":true,"href":"https:\/\/fssrmh.org\/es\/wp-json\/wp\/v2\/users\/2"}],"replies":[{"embeddable":true,"href":"https:\/\/fssrmh.org\/es\/wp-json\/wp\/v2\/comments?post=2"}],"version-history":[{"count":0,"href":"https:\/\/fssrmh.org\/es\/wp-json\/wp\/v2\/pages\/2\/revisions"}],"wp:attachment":[{"href":"https:\/\/fssrmh.org\/es\/wp-json\/wp\/v2\/media?parent=2"}],"curies":[{"name":"wp","href":"https:\/\/api.w.org\/{rel}","templated":true}]}}