{"id":1155,"date":"2020-07-07T04:54:33","date_gmt":"2020-07-07T04:54:33","guid":{"rendered":"http:\/\/fssrmh.org\/?page_id=1155"},"modified":"2020-07-09T23:08:06","modified_gmt":"2020-07-09T23:08:06","slug":"zoom","status":"publish","type":"page","link":"https:\/\/fssrmh.org\/es\/zoom\/","title":{"rendered":"Zoom"},"content":{"rendered":"<div      class=\"vc_row wpb_row section vc_row-fluid\" style=' text-align:left;'><div class=\"full_section_inner clearfix\"><div class=\"wpb_column vc_column_container vc_col-sm-12\"><div class=\"vc_column-inner\"><div class=\"wpb_wrapper\">\n\t<div class=\"wpb_text_column wpb_content_element\">\n\t\t<div class=\"wpb_wrapper\">\n\t\t\t<p>[zoom_api_link meeting_id = \u201d98354730255 \u2033 class =\u201d zoom-meeting-window \u201did =\u201d zoom-meeting-window \u201dtitle =\u201d T\u00edtulo de su p\u00e1gina \u201dcountdown-title =\u201d La reuni\u00f3n comienza en \u201dancho =\u201d 400 \u2033 alto = \u201d400 \u2033]<\/p>\n<p>[zoom_api_link meeting_id = \u201d123456789 \u2033 class =\u201d zoom-meeting-window \u201did =\u201d zoom-meeting-window \u201dtitle =\u201d \u201dcountdown-title =\u201d La reuni\u00f3n comienza en \u201dwidth =\u201d 1000 \u2033 height = \u201d500 \u2033]<\/p>\n\n\t\t<\/div> \n\t<\/div> <\/div><\/div><\/div><\/div><\/div><div      class=\"vc_row wpb_row section vc_row-fluid\" style=' text-align:left;'><div class=\"full_section_inner clearfix\"><div class=\"wpb_column vc_column_container vc_col-sm-12\"><div class=\"vc_column-inner\"><div class=\"wpb_wrapper\">\n\t<div class=\"wpb_text_column wpb_content_element\">\n\t\t<div class=\"wpb_wrapper\">\n\t\t\t<p>[zoom_list_meetings per_page = \u201d5 \u2033 categor\u00eda =\u201d prueba, prueba2, prueba3 \u2033]<\/p>\n\n\t\t<\/div> \n\t<\/div> <\/div><\/div><\/div><\/div><\/div>","protected":false},"excerpt":{"rendered":"[zoom_api_link meeting_id=&quot;98354730255&quot; class=&quot;zoom-meeting-window&quot; id=&quot;zoom-meeting-window&quot; title=&quot;T\u00edtulo de su p\u00e1gina&quot; countdown-title=&quot;La reuni\u00f3n comienza en&quot; width=&quot;400&quot; height=&quot;400 &quot;] [zoom_api_link meeting_id=&quot;123456789&quot; class=&quot;zoom-meeting-window&quot;...","protected":false},"author":2,"featured_media":0,"parent":0,"menu_order":0,"comment_status":"closed","ping_status":"closed","template":"","meta":[],"_links":{"self":[{"href":"https:\/\/fssrmh.org\/es\/wp-json\/wp\/v2\/pages\/1155"}],"collection":[{"href":"https:\/\/fssrmh.org\/es\/wp-json\/wp\/v2\/pages"}],"about":[{"href":"https:\/\/fssrmh.org\/es\/wp-json\/wp\/v2\/types\/page"}],"author":[{"embeddable":true,"href":"https:\/\/fssrmh.org\/es\/wp-json\/wp\/v2\/users\/2"}],"replies":[{"embeddable":true,"href":"https:\/\/fssrmh.org\/es\/wp-json\/wp\/v2\/comments?post=1155"}],"version-history":[{"count":9,"href":"https:\/\/fssrmh.org\/es\/wp-json\/wp\/v2\/pages\/1155\/revisions"}],"predecessor-version":[{"id":1191,"href":"https:\/\/fssrmh.org\/es\/wp-json\/wp\/v2\/pages\/1155\/revisions\/1191"}],"wp:attachment":[{"href":"https:\/\/fssrmh.org\/es\/wp-json\/wp\/v2\/media?parent=1155"}],"curies":[{"name":"wp","href":"https:\/\/api.w.org\/{rel}","templated":true}]}}