{"id":1087,"date":"2018-05-03T09:00:46","date_gmt":"2018-05-03T09:00:46","guid":{"rendered":"http:\/\/fssrmh.org\/about-2\/"},"modified":"2020-08-18T22:04:18","modified_gmt":"2020-08-18T22:04:18","slug":"awards-and-recognitions","status":"publish","type":"page","link":"https:\/\/fssrmh.org\/es\/awards-and-recognitions\/","title":{"rendered":"Premios y reconocimientos"},"content":{"rendered":"<div   data-q_id=\"#rmhc-award\"    class=\"vc_row wpb_row section vc_row-fluid  vc_custom_1593823549854 grid_section\" style='background-color:#ffffff; border-bottom: 1px solid #ffffff; text-align:left;'><div class=\"section_inner clearfix\"><div class='section_inner_margin clearfix'><div class=\"wpb_column vc_column_container vc_col-sm-6\"><div class=\"vc_column-inner\"><div class=\"wpb_wrapper\">\n\t<div class=\"wpb_single_image wpb_content_element vc_align_left\">\n\t\t<div class=\"wpb_wrapper\">\n\t\t\t\n\t\t\t<div class=\"vc_single_image-wrapper   vc_box_border_grey\"><img width=\"1200\" height=\"750\" src=\"https:\/\/fssrmh.org\/wp-content\/uploads\/2020\/07\/IMG_3508.jpg\" class=\"vc_single_image-img attachment-full\" alt=\"\" loading=\"lazy\" srcset=\"https:\/\/fssrmh.org\/wp-content\/uploads\/2020\/07\/IMG_3508.jpg 1200w, https:\/\/fssrmh.org\/wp-content\/uploads\/2020\/07\/IMG_3508-600x375.jpg 600w, https:\/\/fssrmh.org\/wp-content\/uploads\/2020\/07\/IMG_3508-300x188.jpg 300w, https:\/\/fssrmh.org\/wp-content\/uploads\/2020\/07\/IMG_3508-1024x640.jpg 1024w, https:\/\/fssrmh.org\/wp-content\/uploads\/2020\/07\/IMG_3508-768x480.jpg 768w, https:\/\/fssrmh.org\/wp-content\/uploads\/2020\/07\/IMG_3508-700x438.jpg 700w\" sizes=\"(max-width: 1200px) 100vw, 1200px\" \/><\/div>\n\t\t<\/div>\n\t<\/div>\n<\/div><\/div><\/div><div class=\"wpb_column vc_column_container vc_col-sm-6\"><div class=\"vc_column-inner\"><div class=\"wpb_wrapper\">\n\t<div class=\"wpb_text_column wpb_content_element\">\n\t\t<div class=\"wpb_wrapper\">\n\t\t\t<h1><b>Premio RMHC Corazones y Manos<\/b><\/h1>\n\n\t\t<\/div> \n\t<\/div> <div class=\"separator  small left\" style=\"margin-top: 15px;margin-bottom: 15px;background-color: #3184ec;height: 4px;width: 61px;\"><\/div>\n\n\t<div class=\"wpb_text_column wpb_content_element\">\n\t\t<div class=\"wpb_wrapper\">\n\t\t\t<p><span style=\"font-weight: 400;\">El programa Family Support Services gan\u00f3 el prestigioso <\/span><i><span style=\"font-weight: 400;\">Corazones y manos: ampl\u00ede el alcance y el impacto <\/span><\/i><span style=\"font-weight: 400;\">en el<\/span><i><span style=\"font-weight: 400;\">\u00a0 <\/span><\/i><span style=\"font-weight: 400;\">Conferencia Internacional de Caridades de la Casa Ronald McDonald (2015). La competencia fue feroz ya que los cap\u00edtulos presentaron propuestas de todo el mundo.\u00a0<\/span><\/p>\n<p>&nbsp;<\/p>\n<p><span style=\"font-weight: 400;\">Aqu\u00ed hay enlaces si desea ver el video de la cena de premiaci\u00f3n que habla sobre FSS.<\/span><\/p>\n\n\t\t<\/div> \n\t<\/div> <\/div><\/div><\/div><\/div><\/div><\/div><div   data-q_id=\"#apa-award\"    class=\"vc_row wpb_row section vc_row-fluid  vc_custom_1593823559923 grid_section\" style=' text-align:left;'><div class=\"section_inner clearfix\"><div class='section_inner_margin clearfix'><div class=\"wpb_column vc_column_container vc_col-sm-6\"><div class=\"vc_column-inner\"><div class=\"wpb_wrapper\">\n\t<div class=\"wpb_text_column wpb_content_element\">\n\t\t<div class=\"wpb_wrapper\">\n\t\t\t<h1><b>Asociaci\u00f3n Americana de Psicolog\u00eda: Premio a la diversidad<\/b><\/h1>\n\n\t\t<\/div> \n\t<\/div> <div class=\"separator  small left\" style=\"margin-top: 15px;margin-bottom: 15px;background-color: #3184ec;height: 4px;width: 61px;\"><\/div>\n\n\t<div class=\"wpb_text_column wpb_content_element\">\n\t\t<div class=\"wpb_wrapper\">\n\t\t\t<p><span style=\"font-weight: 400;\">Family Support Services fue reconocido por la Asociaci\u00f3n Americana de Psicolog\u00eda, Sociedad de Psicolog\u00eda de Pareja y Familia con un <\/span><i><span style=\"font-weight: 400;\">Premio al Programa de Diversidad (2016)<\/span><\/i><span style=\"font-weight: 400;\">. Se sabe que FSS aborda las preocupaciones de aquellos cuya raza, origen \u00e9tnico, identificaci\u00f3n de g\u00e9nero, ingresos, discapacidad u otros factores sociales quedan fuera de la mayor\u00eda. Los problemas que surgen para los grupos minoritarios, como la opresi\u00f3n, el racismo y la marginaci\u00f3n, son relevantes y reconocidos.<\/span><\/p>\n\n\t\t<\/div> \n\t<\/div> <\/div><\/div><\/div><div class=\"wpb_column vc_column_container vc_col-sm-6\"><div class=\"vc_column-inner\"><div class=\"wpb_wrapper\">\n\t<div class=\"wpb_single_image wpb_content_element vc_align_left\">\n\t\t<div class=\"wpb_wrapper\">\n\t\t\t\n\t\t\t<div class=\"vc_single_image-wrapper   vc_box_border_grey\"><img width=\"1200\" height=\"750\" src=\"https:\/\/fssrmh.org\/wp-content\/uploads\/2020\/07\/APA2.jpg\" class=\"vc_single_image-img attachment-full\" alt=\"\" loading=\"lazy\" srcset=\"https:\/\/fssrmh.org\/wp-content\/uploads\/2020\/07\/APA2.jpg 1200w, https:\/\/fssrmh.org\/wp-content\/uploads\/2020\/07\/APA2-600x375.jpg 600w, https:\/\/fssrmh.org\/wp-content\/uploads\/2020\/07\/APA2-300x188.jpg 300w, https:\/\/fssrmh.org\/wp-content\/uploads\/2020\/07\/APA2-1024x640.jpg 1024w, https:\/\/fssrmh.org\/wp-content\/uploads\/2020\/07\/APA2-768x480.jpg 768w, https:\/\/fssrmh.org\/wp-content\/uploads\/2020\/07\/APA2-700x438.jpg 700w\" sizes=\"(max-width: 1200px) 100vw, 1200px\" \/><\/div>\n\t\t<\/div>\n\t<\/div>\n<\/div><\/div><\/div><\/div><\/div><\/div>","protected":false},"excerpt":{"rendered":"Premio RMHC Hearts and Hands El programa Family Support Services gan\u00f3 el prestigioso Hearts and...","protected":false},"author":2,"featured_media":0,"parent":0,"menu_order":0,"comment_status":"closed","ping_status":"closed","template":"full_width.php","meta":[],"_links":{"self":[{"href":"https:\/\/fssrmh.org\/es\/wp-json\/wp\/v2\/pages\/1087"}],"collection":[{"href":"https:\/\/fssrmh.org\/es\/wp-json\/wp\/v2\/pages"}],"about":[{"href":"https:\/\/fssrmh.org\/es\/wp-json\/wp\/v2\/types\/page"}],"author":[{"embeddable":true,"href":"https:\/\/fssrmh.org\/es\/wp-json\/wp\/v2\/users\/2"}],"replies":[{"embeddable":true,"href":"https:\/\/fssrmh.org\/es\/wp-json\/wp\/v2\/comments?post=1087"}],"version-history":[{"count":10,"href":"https:\/\/fssrmh.org\/es\/wp-json\/wp\/v2\/pages\/1087\/revisions"}],"predecessor-version":[{"id":1620,"href":"https:\/\/fssrmh.org\/es\/wp-json\/wp\/v2\/pages\/1087\/revisions\/1620"}],"wp:attachment":[{"href":"https:\/\/fssrmh.org\/es\/wp-json\/wp\/v2\/media?parent=1087"}],"curies":[{"name":"wp","href":"https:\/\/api.w.org\/{rel}","templated":true}]}}